{"id":10,"date":"2026-02-27T12:00:57","date_gmt":"2026-02-27T12:00:57","guid":{"rendered":"http:\/\/dorvita.pl\/?page_id=10"},"modified":"2026-03-09T17:21:36","modified_gmt":"2026-03-09T17:21:36","slug":"o-dorvita","status":"publish","type":"page","link":"https:\/\/dorvita.pl\/index.php\/o-dorvita\/","title":{"rendered":"o DorVita"},"content":{"rendered":"\n<p>DorVita to projekt wydawniczy po\u015bwi\u0119cony publikacjom z zakresu literatury, zdrowia i prawa.<\/p>\n\n\n\n<p>Powsta\u0142 jako miejsce dla tekst\u00f3w tworzonych z uwa\u017cno\u015bci\u0105, rzetelno\u015bci\u0105 i szacunkiem dla czytelnika.<\/p>\n\n\n\n<p>To przestrze\u0144 dla os\u00f3b, kt\u00f3re szukaj\u0105 rzetelnych informacji, refleksji                i s\u0142\u00f3w, kt\u00f3rym mo\u017cna zaufa\u0107.<\/p>\n","protected":false},"excerpt":{"rendered":"<p>DorVita to projekt wydawniczy po\u015bwi\u0119cony publikacjom z zakresu literatury, zdrowia i prawa. Powsta\u0142 jako miejsce dla tekst\u00f3w tworzonych z uwa\u017cno\u015bci\u0105, rzetelno\u015bci\u0105 i szacunkiem dla czytelnika. To przestrze\u0144 dla os\u00f3b, kt\u00f3re szukaj\u0105 rzetelnych informacji, refleksji i s\u0142\u00f3w, kt\u00f3rym mo\u017cna zaufa\u0107.<\/p>\n","protected":false},"author":1,"featured_media":0,"parent":0,"menu_order":0,"comment_status":"closed","ping_status":"closed","template":"","meta":{"footnotes":""},"class_list":["post-10","page","type-page","status-publish","hentry"],"_links":{"self":[{"href":"https:\/\/dorvita.pl\/index.php\/wp-json\/wp\/v2\/pages\/10","targetHints":{"allow":["GET"]}}],"collection":[{"href":"https:\/\/dorvita.pl\/index.php\/wp-json\/wp\/v2\/pages"}],"about":[{"href":"https:\/\/dorvita.pl\/index.php\/wp-json\/wp\/v2\/types\/page"}],"author":[{"embeddable":true,"href":"https:\/\/dorvita.pl\/index.php\/wp-json\/wp\/v2\/users\/1"}],"replies":[{"embeddable":true,"href":"https:\/\/dorvita.pl\/index.php\/wp-json\/wp\/v2\/comments?post=10"}],"version-history":[{"count":6,"href":"https:\/\/dorvita.pl\/index.php\/wp-json\/wp\/v2\/pages\/10\/revisions"}],"predecessor-version":[{"id":86,"href":"https:\/\/dorvita.pl\/index.php\/wp-json\/wp\/v2\/pages\/10\/revisions\/86"}],"wp:attachment":[{"href":"https:\/\/dorvita.pl\/index.php\/wp-json\/wp\/v2\/media?parent=10"}],"curies":[{"name":"wp","href":"https:\/\/api.w.org\/{rel}","templated":true}]}}