{"id":14,"date":"2026-02-27T12:05:11","date_gmt":"2026-02-27T12:05:11","guid":{"rendered":"http:\/\/dorvita.pl\/?page_id=14"},"modified":"2026-03-09T17:12:11","modified_gmt":"2026-03-09T17:12:11","slug":"prawa","status":"publish","type":"page","link":"https:\/\/dorvita.pl\/index.php\/prawa\/","title":{"rendered":"Prawa"},"content":{"rendered":"\n<p><strong>Prawa<\/strong> to dzia\u0142 po\u015bwi\u0119cony tematom, kt\u00f3re pomagaj\u0105 lepiej rozumie\u0107 w\u0142asne prawa i porusza\u0107 si\u0119 w trudnych sytuacjach \u017cyciowych. To miejsce dla os\u00f3b, kt\u00f3re szukaj\u0105 jasnych wyja\u015bnie\u0144, praktycznych informacji i s\u0142\u00f3w, kt\u00f3re naprawd\u0119 co\u015b porz\u0105dkuj\u0105.<\/p>\n\n\n\n<p><\/p>\n","protected":false},"excerpt":{"rendered":"<p>Prawa to dzia\u0142 po\u015bwi\u0119cony tematom, kt\u00f3re pomagaj\u0105 lepiej rozumie\u0107 w\u0142asne prawa i porusza\u0107 si\u0119 w trudnych sytuacjach \u017cyciowych. To miejsce dla os\u00f3b, kt\u00f3re szukaj\u0105 jasnych wyja\u015bnie\u0144, praktycznych informacji i s\u0142\u00f3w, kt\u00f3re naprawd\u0119 co\u015b porz\u0105dkuj\u0105.<\/p>\n","protected":false},"author":1,"featured_media":0,"parent":0,"menu_order":0,"comment_status":"closed","ping_status":"closed","template":"","meta":{"footnotes":""},"class_list":["post-14","page","type-page","status-publish","hentry"],"_links":{"self":[{"href":"https:\/\/dorvita.pl\/index.php\/wp-json\/wp\/v2\/pages\/14","targetHints":{"allow":["GET"]}}],"collection":[{"href":"https:\/\/dorvita.pl\/index.php\/wp-json\/wp\/v2\/pages"}],"about":[{"href":"https:\/\/dorvita.pl\/index.php\/wp-json\/wp\/v2\/types\/page"}],"author":[{"embeddable":true,"href":"https:\/\/dorvita.pl\/index.php\/wp-json\/wp\/v2\/users\/1"}],"replies":[{"embeddable":true,"href":"https:\/\/dorvita.pl\/index.php\/wp-json\/wp\/v2\/comments?post=14"}],"version-history":[{"count":3,"href":"https:\/\/dorvita.pl\/index.php\/wp-json\/wp\/v2\/pages\/14\/revisions"}],"predecessor-version":[{"id":85,"href":"https:\/\/dorvita.pl\/index.php\/wp-json\/wp\/v2\/pages\/14\/revisions\/85"}],"wp:attachment":[{"href":"https:\/\/dorvita.pl\/index.php\/wp-json\/wp\/v2\/media?parent=14"}],"curies":[{"name":"wp","href":"https:\/\/api.w.org\/{rel}","templated":true}]}}