{"id":46,"date":"2026-03-03T10:31:37","date_gmt":"2026-03-03T10:31:37","guid":{"rendered":"https:\/\/dorvita.pl\/?page_id=46"},"modified":"2026-03-09T12:43:43","modified_gmt":"2026-03-09T12:43:43","slug":"kontakt-wydawniczy","status":"publish","type":"page","link":"https:\/\/dorvita.pl\/index.php\/kontakt-wydawniczy\/","title":{"rendered":"Kontakt wydawniczy"},"content":{"rendered":"\n<p><strong>DorVita to projekt wydawniczy otwarty na publikacje literackie, opracowania oraz ksi\u0105\u017cki z obszaru zdrowia i prawa.<\/strong><\/p>\n\n\n\n<p><strong>Strona s\u0142u\u017cy do kontaktu w sprawach wydawniczych, propozycji publikacji oraz kwestii formalnych zwi\u0105zanych z dzia\u0142alno\u015bci\u0105 DorVita.<\/strong><\/p>\n\n\n\n<p><strong><a>info@dorvita.pl<\/a><\/strong><\/p>\n\n\n\n<p><strong>Prosimy o kontakt wy\u0142\u0105cznie w sprawach zwi\u0105zanych z dzia\u0142alno\u015bci\u0105 wydawnicz\u0105.<\/strong><\/p>\n\n\n\n<p><strong>Na wiadomo\u015bci odpowiadamy po zapoznaniu si\u0119 z tre\u015bci\u0105 zg\u0142oszenia.<\/strong><\/p>\n","protected":false},"excerpt":{"rendered":"<p>DorVita to projekt wydawniczy otwarty na publikacje literackie, opracowania oraz ksi\u0105\u017cki z obszaru zdrowia i prawa. Strona s\u0142u\u017cy do kontaktu w sprawach wydawniczych, propozycji publikacji oraz kwestii formalnych zwi\u0105zanych z dzia\u0142alno\u015bci\u0105 DorVita. info@dorvita.pl Prosimy o kontakt wy\u0142\u0105cznie w sprawach zwi\u0105zanych z dzia\u0142alno\u015bci\u0105 wydawnicz\u0105. Na wiadomo\u015bci odpowiadamy po zapoznaniu si\u0119 z tre\u015bci\u0105 zg\u0142oszenia.<\/p>\n","protected":false},"author":1,"featured_media":0,"parent":0,"menu_order":0,"comment_status":"closed","ping_status":"closed","template":"","meta":{"footnotes":""},"class_list":["post-46","page","type-page","status-publish","hentry"],"_links":{"self":[{"href":"https:\/\/dorvita.pl\/index.php\/wp-json\/wp\/v2\/pages\/46","targetHints":{"allow":["GET"]}}],"collection":[{"href":"https:\/\/dorvita.pl\/index.php\/wp-json\/wp\/v2\/pages"}],"about":[{"href":"https:\/\/dorvita.pl\/index.php\/wp-json\/wp\/v2\/types\/page"}],"author":[{"embeddable":true,"href":"https:\/\/dorvita.pl\/index.php\/wp-json\/wp\/v2\/users\/1"}],"replies":[{"embeddable":true,"href":"https:\/\/dorvita.pl\/index.php\/wp-json\/wp\/v2\/comments?post=46"}],"version-history":[{"count":2,"href":"https:\/\/dorvita.pl\/index.php\/wp-json\/wp\/v2\/pages\/46\/revisions"}],"predecessor-version":[{"id":73,"href":"https:\/\/dorvita.pl\/index.php\/wp-json\/wp\/v2\/pages\/46\/revisions\/73"}],"wp:attachment":[{"href":"https:\/\/dorvita.pl\/index.php\/wp-json\/wp\/v2\/media?parent=46"}],"curies":[{"name":"wp","href":"https:\/\/api.w.org\/{rel}","templated":true}]}}