{"id":58,"date":"2026-03-09T11:45:28","date_gmt":"2026-03-09T11:45:28","guid":{"rendered":"https:\/\/dorvita.pl\/?page_id=58"},"modified":"2026-03-09T11:53:01","modified_gmt":"2026-03-09T11:53:01","slug":"smaki-domu","status":"publish","type":"page","link":"https:\/\/dorvita.pl\/index.php\/smaki-domu\/","title":{"rendered":"Smaki Domu"},"content":{"rendered":"\n<p><strong>Smaki Domu<\/strong> to miejsce pe\u0142ne dawnych zapach\u00f3w, prostych potraw i kulinarnych wspomnie\u0144. Tu wracaj\u0105 smaki, kt\u00f3re kojarz\u0105 si\u0119 z ciep\u0142em, blisko\u015bci\u0105 i domem.<br><\/p>\n","protected":false},"excerpt":{"rendered":"<p>Smaki Domu to miejsce pe\u0142ne dawnych zapach\u00f3w, prostych potraw i kulinarnych wspomnie\u0144. Tu wracaj\u0105 smaki, kt\u00f3re kojarz\u0105 si\u0119 z ciep\u0142em, blisko\u015bci\u0105 i domem.<\/p>\n","protected":false},"author":1,"featured_media":0,"parent":0,"menu_order":0,"comment_status":"closed","ping_status":"closed","template":"","meta":{"footnotes":""},"class_list":["post-58","page","type-page","status-publish","hentry"],"_links":{"self":[{"href":"https:\/\/dorvita.pl\/index.php\/wp-json\/wp\/v2\/pages\/58","targetHints":{"allow":["GET"]}}],"collection":[{"href":"https:\/\/dorvita.pl\/index.php\/wp-json\/wp\/v2\/pages"}],"about":[{"href":"https:\/\/dorvita.pl\/index.php\/wp-json\/wp\/v2\/types\/page"}],"author":[{"embeddable":true,"href":"https:\/\/dorvita.pl\/index.php\/wp-json\/wp\/v2\/users\/1"}],"replies":[{"embeddable":true,"href":"https:\/\/dorvita.pl\/index.php\/wp-json\/wp\/v2\/comments?post=58"}],"version-history":[{"count":2,"href":"https:\/\/dorvita.pl\/index.php\/wp-json\/wp\/v2\/pages\/58\/revisions"}],"predecessor-version":[{"id":60,"href":"https:\/\/dorvita.pl\/index.php\/wp-json\/wp\/v2\/pages\/58\/revisions\/60"}],"wp:attachment":[{"href":"https:\/\/dorvita.pl\/index.php\/wp-json\/wp\/v2\/media?parent=58"}],"curies":[{"name":"wp","href":"https:\/\/api.w.org\/{rel}","templated":true}]}}